{"id":6,"date":"2023-11-17T14:57:57","date_gmt":"2023-11-17T14:57:57","guid":{"rendered":"https:\/\/ioyazilim.com\/?page_id=6"},"modified":"2023-11-17T15:12:21","modified_gmt":"2023-11-17T15:12:21","slug":"cokyakinda","status":"publish","type":"page","link":"https:\/\/ioyazilim.com\/","title":{"rendered":"\u00c7ok Yak\u0131nda!"},"content":{"rendered":"\n<p><\/p>\n\n\n\n<figure class=\"wp-block-image size-full\"><img loading=\"lazy\" decoding=\"async\" width=\"101\" height=\"140\" src=\"https:\/\/ioyazilim.com\/wp-content\/uploads\/2023\/11\/logoL.png\" alt=\"\" class=\"wp-image-9\"\/><\/figure>\n\n\n\n<h1 class=\"wp-block-heading has-system-sans-serif-font-family\"><strong>\u0130O Yaz\u0131l\u0131m ve Dan\u0131\u015fmanl\u0131k Hizmetleri<\/strong><\/h1>\n\n\n\n<div class=\"wp-block-group has-global-padding is-layout-constrained wp-block-group-is-layout-constrained\">\n<h3 class=\"wp-block-heading has-system-sans-serif-font-family has-large-font-size\">Web sitemiz yenileniyor.<\/h3>\n\n\n\n<h3 class=\"wp-block-heading has-system-sans-serif-font-family has-large-font-size\">\u00c7ok yak\u0131nda yay\u0131nda !<\/h3>\n<\/div>\n","protected":false},"excerpt":{"rendered":"<p>\u0130O Yaz\u0131l\u0131m ve Dan\u0131\u015fmanl\u0131k Hizmetleri Web sitemiz yenileniyor. \u00c7ok yak\u0131nda yay\u0131nda !<\/p>\n","protected":false},"author":1,"featured_media":0,"parent":0,"menu_order":0,"comment_status":"closed","ping_status":"closed","template":"page-no-title","meta":{"footnotes":""},"class_list":["post-6","page","type-page","status-publish","hentry"],"_links":{"self":[{"href":"https:\/\/ioyazilim.com\/index.php\/wp-json\/wp\/v2\/pages\/6","targetHints":{"allow":["GET"]}}],"collection":[{"href":"https:\/\/ioyazilim.com\/index.php\/wp-json\/wp\/v2\/pages"}],"about":[{"href":"https:\/\/ioyazilim.com\/index.php\/wp-json\/wp\/v2\/types\/page"}],"author":[{"embeddable":true,"href":"https:\/\/ioyazilim.com\/index.php\/wp-json\/wp\/v2\/users\/1"}],"replies":[{"embeddable":true,"href":"https:\/\/ioyazilim.com\/index.php\/wp-json\/wp\/v2\/comments?post=6"}],"version-history":[{"count":3,"href":"https:\/\/ioyazilim.com\/index.php\/wp-json\/wp\/v2\/pages\/6\/revisions"}],"predecessor-version":[{"id":15,"href":"https:\/\/ioyazilim.com\/index.php\/wp-json\/wp\/v2\/pages\/6\/revisions\/15"}],"wp:attachment":[{"href":"https:\/\/ioyazilim.com\/index.php\/wp-json\/wp\/v2\/media?parent=6"}],"curies":[{"name":"wp","href":"https:\/\/api.w.org\/{rel}","templated":true}]}}